{"id":15882,"date":"2024-03-22T03:41:07","date_gmt":"2024-03-22T00:41:07","guid":{"rendered":"https:\/\/demositelerim.biz.tr\/favorigo\/?post_type=product&#038;p=15882"},"modified":"2024-09-05T16:00:07","modified_gmt":"2024-09-05T13:00:07","slug":"hediyelik-ahsap-islemeli-kutu-sandik","status":"publish","type":"product","link":"https:\/\/favorigo.com\/index.php\/urun\/hediyelik-ahsap-islemeli-kutu-sandik\/","title":{"rendered":"Hediyelik Ah\u015fap \u0130\u015flemeli Kutu Sand\u0131k"},"content":{"rendered":"<p>\u00dcr\u00fcnlerimiz ger\u00e7ek cevizden yap\u0131lmaktad\u0131r.<\/p>\n<p>\u00dcr\u00fcn\u00fcm\u00fcz\u00fcn \u00f6l\u00e7\u00fcleri : 18 x 10 x 8 cm<\/p>\n<p>Keyifli al\u0131\u015fveri\u015fler dileriz.<\/p>\n<p>&nbsp;<\/p>\n","protected":false},"excerpt":{"rendered":"<p>\u00dcr\u00fcnlerimiz ger\u00e7ek cevizden yap\u0131lmaktad\u0131r. \u00dcr\u00fcn\u00fcm\u00fcz\u00fcn \u00f6l\u00e7\u00fcleri : 18 x 10 x 8 cm Keyifli al\u0131\u015fveri\u015fler dileriz. &nbsp;<\/p>\n","protected":false},"featured_media":16776,"comment_status":"open","ping_status":"closed","template":"","meta":[],"product_brand":[],"product_cat":[74],"product_tag":[],"class_list":{"0":"post-15882","1":"product","2":"type-product","3":"status-publish","4":"has-post-thumbnail","6":"product_cat-ahsap-urunler","8":"first","9":"instock","10":"sale","11":"taxable","12":"shipping-taxable","13":"purchasable","14":"product-type-simple"},"_links":{"self":[{"href":"https:\/\/favorigo.com\/index.php\/wp-json\/wp\/v2\/product\/15882","targetHints":{"allow":["GET"]}}],"collection":[{"href":"https:\/\/favorigo.com\/index.php\/wp-json\/wp\/v2\/product"}],"about":[{"href":"https:\/\/favorigo.com\/index.php\/wp-json\/wp\/v2\/types\/product"}],"replies":[{"embeddable":true,"href":"https:\/\/favorigo.com\/index.php\/wp-json\/wp\/v2\/comments?post=15882"}],"version-history":[{"count":1,"href":"https:\/\/favorigo.com\/index.php\/wp-json\/wp\/v2\/product\/15882\/revisions"}],"predecessor-version":[{"id":15886,"href":"https:\/\/favorigo.com\/index.php\/wp-json\/wp\/v2\/product\/15882\/revisions\/15886"}],"wp:featuredmedia":[{"embeddable":true,"href":"https:\/\/favorigo.com\/index.php\/wp-json\/wp\/v2\/media\/16776"}],"wp:attachment":[{"href":"https:\/\/favorigo.com\/index.php\/wp-json\/wp\/v2\/media?parent=15882"}],"wp:term":[{"taxonomy":"product_brand","embeddable":true,"href":"https:\/\/favorigo.com\/index.php\/wp-json\/wp\/v2\/product_brand?post=15882"},{"taxonomy":"product_cat","embeddable":true,"href":"https:\/\/favorigo.com\/index.php\/wp-json\/wp\/v2\/product_cat?post=15882"},{"taxonomy":"product_tag","embeddable":true,"href":"https:\/\/favorigo.com\/index.php\/wp-json\/wp\/v2\/product_tag?post=15882"}],"curies":[{"name":"wp","href":"https:\/\/api.w.org\/{rel}","templated":true}]}}