{"id":16036,"date":"2024-03-22T23:45:18","date_gmt":"2024-03-22T20:45:18","guid":{"rendered":"https:\/\/demositelerim.biz.tr\/favorigo\/?post_type=product&#038;p=16036"},"modified":"2024-03-27T19:14:52","modified_gmt":"2024-03-27T16:14:52","slug":"bakir-dekoratif-duvar-susu-osmanli-tugrasi","status":"publish","type":"product","link":"https:\/\/favorigo.com\/index.php\/urun\/bakir-dekoratif-duvar-susu-osmanli-tugrasi\/","title":{"rendered":"Bak\u0131r Dekoratif Duvar S\u00fcs\u00fc Osmanl\u0131 Tu\u011fras\u0131"},"content":{"rendered":"<p>Bak\u0131r Dekoratif Duvar S\u00fcs\u00fc Osmanl\u0131 Tu\u011fras\u0131 \u00dcr\u00fcn\u00fcm\u00fcz tamamen el yap\u0131m\u0131d\u0131r.<\/p>\n<p>\u00dcr\u00fcn\u00fcm\u00fcz bak\u0131rdan \u00fcretilmi\u015ftir.<\/p>\n<p>\u00dcr\u00fcn\u00fcm\u00fcz\u00fcn 35-45cm \u00f6l\u00e7\u00fcleri mevcuttur.<\/p>\n<p>Daha fazla model i\u00e7in ma\u011fazam\u0131z\u0131 ziyaret edebilirsiniz.<\/p>\n<p>Keyifli al\u0131\u015fveri\u015fler dileriz \ud83d\ude42<\/p>\n","protected":false},"excerpt":{"rendered":"<p>Bak\u0131r Dekoratif Duvar S\u00fcs\u00fc Osmanl\u0131 Tu\u011fras\u0131 \u00dcr\u00fcn\u00fcm\u00fcz tamamen el yap\u0131m\u0131d\u0131r. \u00dcr\u00fcn\u00fcm\u00fcz bak\u0131rdan \u00fcretilmi\u015ftir. \u00dcr\u00fcn\u00fcm\u00fcz\u00fcn 35-45cm \u00f6l\u00e7\u00fcleri mevcuttur. Daha fazla model<\/p>\n","protected":false},"featured_media":16037,"comment_status":"open","ping_status":"closed","template":"","meta":[],"product_brand":[],"product_cat":[73],"product_tag":[],"class_list":{"0":"post-16036","1":"product","2":"type-product","3":"status-publish","4":"has-post-thumbnail","6":"product_cat-hediyelik-esya","8":"first","9":"instock","10":"sale","11":"taxable","12":"shipping-taxable","13":"purchasable","14":"product-type-variable"},"_links":{"self":[{"href":"https:\/\/favorigo.com\/index.php\/wp-json\/wp\/v2\/product\/16036","targetHints":{"allow":["GET"]}}],"collection":[{"href":"https:\/\/favorigo.com\/index.php\/wp-json\/wp\/v2\/product"}],"about":[{"href":"https:\/\/favorigo.com\/index.php\/wp-json\/wp\/v2\/types\/product"}],"replies":[{"embeddable":true,"href":"https:\/\/favorigo.com\/index.php\/wp-json\/wp\/v2\/comments?post=16036"}],"version-history":[{"count":5,"href":"https:\/\/favorigo.com\/index.php\/wp-json\/wp\/v2\/product\/16036\/revisions"}],"predecessor-version":[{"id":16625,"href":"https:\/\/favorigo.com\/index.php\/wp-json\/wp\/v2\/product\/16036\/revisions\/16625"}],"wp:featuredmedia":[{"embeddable":true,"href":"https:\/\/favorigo.com\/index.php\/wp-json\/wp\/v2\/media\/16037"}],"wp:attachment":[{"href":"https:\/\/favorigo.com\/index.php\/wp-json\/wp\/v2\/media?parent=16036"}],"wp:term":[{"taxonomy":"product_brand","embeddable":true,"href":"https:\/\/favorigo.com\/index.php\/wp-json\/wp\/v2\/product_brand?post=16036"},{"taxonomy":"product_cat","embeddable":true,"href":"https:\/\/favorigo.com\/index.php\/wp-json\/wp\/v2\/product_cat?post=16036"},{"taxonomy":"product_tag","embeddable":true,"href":"https:\/\/favorigo.com\/index.php\/wp-json\/wp\/v2\/product_tag?post=16036"}],"curies":[{"name":"wp","href":"https:\/\/api.w.org\/{rel}","templated":true}]}}