{"id":16080,"date":"2024-03-23T00:55:36","date_gmt":"2024-03-22T21:55:36","guid":{"rendered":"https:\/\/demositelerim.biz.tr\/favorigo\/?post_type=product&#038;p=16080"},"modified":"2024-03-24T15:45:04","modified_gmt":"2024-03-24T12:45:04","slug":"fiberglass-coffee-table-dayanikli-sehpa-2","status":"publish","type":"product","link":"https:\/\/favorigo.com\/index.php\/urun\/fiberglass-coffee-table-dayanikli-sehpa-2\/","title":{"rendered":"Fiberglass Coffee Table Dayan\u0131kl\u0131 Sehpa"},"content":{"rendered":"<p>Soul ve Perla Kullan\u0131m Talimat\u0131<\/p>\n<p>\u00dcr\u00fcn\u00fcm\u00fcz el yap\u0131m\u0131 sehpad\u0131r.<\/p>\n<p>\u00dcr\u00fcn \u00fczerine \u00e7\u0131k\u0131lmamal\u0131d\u0131r.<\/p>\n<p>\u00dcr\u00fcn nemli bir bez kullan\u0131larak temizlenmelidir.<\/p>\n<p>\u00dcr\u00fcn kimyasal ve alkol bazl\u0131 t\u00fcrevler ile temizlenmemelidir.<\/p>\n<p>\u00dcr\u00fcn 40 c ve \u00fczeri g\u00fcne\u015f g\u00f6ren s\u0131cakl\u0131kta b\u0131rak\u0131lmamal\u0131d\u0131r.<\/p>\n<p>\u00dcr\u00fcn y\u00fczeyinde kesici ve delici alet kullan\u0131lmamal\u0131d\u0131r.<\/p>\n<p>Keyifli al\u0131\u015fveri\u015fler dileriz \ud83d\ude42<\/p>\n","protected":false},"excerpt":{"rendered":"<p>Soul ve Perla Kullan\u0131m Talimat\u0131 \u00dcr\u00fcn\u00fcm\u00fcz el yap\u0131m\u0131 sehpad\u0131r. \u00dcr\u00fcn \u00fczerine \u00e7\u0131k\u0131lmamal\u0131d\u0131r. \u00dcr\u00fcn nemli bir bez kullan\u0131larak temizlenmelidir. \u00dcr\u00fcn kimyasal<\/p>\n","protected":false},"featured_media":16081,"comment_status":"open","ping_status":"closed","template":"","meta":[],"product_brand":[],"product_cat":[100],"product_tag":[],"class_list":{"0":"post-16080","1":"product","2":"type-product","3":"status-publish","4":"has-post-thumbnail","6":"product_cat-ev-ve-dekorasyon","8":"first","9":"instock","10":"sale","11":"taxable","12":"shipping-taxable","13":"purchasable","14":"product-type-simple"},"_links":{"self":[{"href":"https:\/\/favorigo.com\/index.php\/wp-json\/wp\/v2\/product\/16080","targetHints":{"allow":["GET"]}}],"collection":[{"href":"https:\/\/favorigo.com\/index.php\/wp-json\/wp\/v2\/product"}],"about":[{"href":"https:\/\/favorigo.com\/index.php\/wp-json\/wp\/v2\/types\/product"}],"replies":[{"embeddable":true,"href":"https:\/\/favorigo.com\/index.php\/wp-json\/wp\/v2\/comments?post=16080"}],"version-history":[{"count":2,"href":"https:\/\/favorigo.com\/index.php\/wp-json\/wp\/v2\/product\/16080\/revisions"}],"predecessor-version":[{"id":16264,"href":"https:\/\/favorigo.com\/index.php\/wp-json\/wp\/v2\/product\/16080\/revisions\/16264"}],"wp:featuredmedia":[{"embeddable":true,"href":"https:\/\/favorigo.com\/index.php\/wp-json\/wp\/v2\/media\/16081"}],"wp:attachment":[{"href":"https:\/\/favorigo.com\/index.php\/wp-json\/wp\/v2\/media?parent=16080"}],"wp:term":[{"taxonomy":"product_brand","embeddable":true,"href":"https:\/\/favorigo.com\/index.php\/wp-json\/wp\/v2\/product_brand?post=16080"},{"taxonomy":"product_cat","embeddable":true,"href":"https:\/\/favorigo.com\/index.php\/wp-json\/wp\/v2\/product_cat?post=16080"},{"taxonomy":"product_tag","embeddable":true,"href":"https:\/\/favorigo.com\/index.php\/wp-json\/wp\/v2\/product_tag?post=16080"}],"curies":[{"name":"wp","href":"https:\/\/api.w.org\/{rel}","templated":true}]}}