{"id":16222,"date":"2024-03-24T15:03:59","date_gmt":"2024-03-24T12:03:59","guid":{"rendered":"https:\/\/demositelerim.biz.tr\/favorigo\/?post_type=product&#038;p=16222"},"modified":"2024-03-24T15:08:26","modified_gmt":"2024-03-24T12:08:26","slug":"orta-buyuk-irklar-icin-kopek-tasmasi","status":"publish","type":"product","link":"https:\/\/favorigo.com\/index.php\/urun\/orta-buyuk-irklar-icin-kopek-tasmasi\/","title":{"rendered":"Orta-b\u00fcy\u00fck Irklar I\u00e7in K\u00f6pek Tasmas\u0131"},"content":{"rendered":"<p>Orta-b\u00fcy\u00fck Irklar I\u00e7in K\u00f6pek Tasmas\u0131<\/p>\n<p>\u00dcr\u00fcnlerimizin \u00f6l\u00e7\u00fcleri : 5cm geni\u015flik x 83 cm uzunluk<\/p>\n<p>Di\u011fer modellerimize bakmak i\u00e7in ma\u011fazam\u0131za g\u00f6z atabilirsiniz.<\/p>\n<p>Keyifli al\u0131\u015fveri\u015fler dileriz \ud83d\ude42<\/p>\n","protected":false},"excerpt":{"rendered":"<p>Orta-b\u00fcy\u00fck Irklar I\u00e7in K\u00f6pek Tasmas\u0131 \u00dcr\u00fcnlerimizin \u00f6l\u00e7\u00fcleri : 5cm geni\u015flik x 83 cm uzunluk Di\u011fer modellerimize bakmak i\u00e7in ma\u011fazam\u0131za g\u00f6z<\/p>\n","protected":false},"featured_media":16223,"comment_status":"open","ping_status":"closed","template":"","meta":[],"product_brand":[],"product_cat":[95],"product_tag":[],"class_list":{"0":"post-16222","1":"product","2":"type-product","3":"status-publish","4":"has-post-thumbnail","6":"product_cat-pet-shop","8":"first","9":"instock","10":"sale","11":"taxable","12":"shipping-taxable","13":"purchasable","14":"product-type-simple"},"_links":{"self":[{"href":"https:\/\/favorigo.com\/index.php\/wp-json\/wp\/v2\/product\/16222","targetHints":{"allow":["GET"]}}],"collection":[{"href":"https:\/\/favorigo.com\/index.php\/wp-json\/wp\/v2\/product"}],"about":[{"href":"https:\/\/favorigo.com\/index.php\/wp-json\/wp\/v2\/types\/product"}],"replies":[{"embeddable":true,"href":"https:\/\/favorigo.com\/index.php\/wp-json\/wp\/v2\/comments?post=16222"}],"version-history":[{"count":1,"href":"https:\/\/favorigo.com\/index.php\/wp-json\/wp\/v2\/product\/16222\/revisions"}],"predecessor-version":[{"id":16225,"href":"https:\/\/favorigo.com\/index.php\/wp-json\/wp\/v2\/product\/16222\/revisions\/16225"}],"wp:featuredmedia":[{"embeddable":true,"href":"https:\/\/favorigo.com\/index.php\/wp-json\/wp\/v2\/media\/16223"}],"wp:attachment":[{"href":"https:\/\/favorigo.com\/index.php\/wp-json\/wp\/v2\/media?parent=16222"}],"wp:term":[{"taxonomy":"product_brand","embeddable":true,"href":"https:\/\/favorigo.com\/index.php\/wp-json\/wp\/v2\/product_brand?post=16222"},{"taxonomy":"product_cat","embeddable":true,"href":"https:\/\/favorigo.com\/index.php\/wp-json\/wp\/v2\/product_cat?post=16222"},{"taxonomy":"product_tag","embeddable":true,"href":"https:\/\/favorigo.com\/index.php\/wp-json\/wp\/v2\/product_tag?post=16222"}],"curies":[{"name":"wp","href":"https:\/\/api.w.org\/{rel}","templated":true}]}}