{"id":16310,"date":"2024-03-24T16:57:25","date_gmt":"2024-03-24T13:57:25","guid":{"rendered":"https:\/\/demositelerim.biz.tr\/favorigo\/?post_type=product&#038;p=16310"},"modified":"2024-03-24T17:07:12","modified_gmt":"2024-03-24T14:07:12","slug":"kolye-bileklik-takimlari-gercek-dogal-orijinal-tas","status":"publish","type":"product","link":"https:\/\/favorigo.com\/index.php\/urun\/kolye-bileklik-takimlari-gercek-dogal-orijinal-tas\/","title":{"rendered":"Kolye &#038; Bileklik Tak\u0131mlar\u0131 Ger\u00e7ek Do\u011fal Orijinal Ta\u015f"},"content":{"rendered":"<p>Kolye &amp; Bileklik Tak\u0131mlar\u0131 Ger\u00e7ek Do\u011fal Orijinal Ta\u015f<\/p>\n<p>\u00dcr\u00fcnlerimiz ger\u00e7ek do\u011fal ta\u015f kullan\u0131larak yap\u0131lm\u0131\u015ft\u0131r.<\/p>\n<p>Di\u011fer farkl\u0131 hediyelik e\u015fya ve di\u011fer kategorilerdeki \u00fcr\u00fcnlerimizi g\u00f6rmek i\u00e7in sayfam\u0131z\u0131 ziyaret edebilirsiniz \ud83d\ude42<\/p>\n","protected":false},"excerpt":{"rendered":"<p>Kolye &amp; Bileklik Tak\u0131mlar\u0131 Ger\u00e7ek Do\u011fal Orijinal Ta\u015f \u00dcr\u00fcnlerimiz ger\u00e7ek do\u011fal ta\u015f kullan\u0131larak yap\u0131lm\u0131\u015ft\u0131r. Di\u011fer farkl\u0131 hediyelik e\u015fya ve di\u011fer<\/p>\n","protected":false},"featured_media":16315,"comment_status":"open","ping_status":"closed","template":"","meta":[],"product_brand":[],"product_cat":[73],"product_tag":[],"class_list":{"0":"post-16310","1":"product","2":"type-product","3":"status-publish","4":"has-post-thumbnail","6":"product_cat-hediyelik-esya","8":"first","9":"instock","10":"sale","11":"taxable","12":"shipping-taxable","13":"purchasable","14":"product-type-simple"},"_links":{"self":[{"href":"https:\/\/favorigo.com\/index.php\/wp-json\/wp\/v2\/product\/16310","targetHints":{"allow":["GET"]}}],"collection":[{"href":"https:\/\/favorigo.com\/index.php\/wp-json\/wp\/v2\/product"}],"about":[{"href":"https:\/\/favorigo.com\/index.php\/wp-json\/wp\/v2\/types\/product"}],"replies":[{"embeddable":true,"href":"https:\/\/favorigo.com\/index.php\/wp-json\/wp\/v2\/comments?post=16310"}],"version-history":[{"count":1,"href":"https:\/\/favorigo.com\/index.php\/wp-json\/wp\/v2\/product\/16310\/revisions"}],"predecessor-version":[{"id":16321,"href":"https:\/\/favorigo.com\/index.php\/wp-json\/wp\/v2\/product\/16310\/revisions\/16321"}],"wp:featuredmedia":[{"embeddable":true,"href":"https:\/\/favorigo.com\/index.php\/wp-json\/wp\/v2\/media\/16315"}],"wp:attachment":[{"href":"https:\/\/favorigo.com\/index.php\/wp-json\/wp\/v2\/media?parent=16310"}],"wp:term":[{"taxonomy":"product_brand","embeddable":true,"href":"https:\/\/favorigo.com\/index.php\/wp-json\/wp\/v2\/product_brand?post=16310"},{"taxonomy":"product_cat","embeddable":true,"href":"https:\/\/favorigo.com\/index.php\/wp-json\/wp\/v2\/product_cat?post=16310"},{"taxonomy":"product_tag","embeddable":true,"href":"https:\/\/favorigo.com\/index.php\/wp-json\/wp\/v2\/product_tag?post=16310"}],"curies":[{"name":"wp","href":"https:\/\/api.w.org\/{rel}","templated":true}]}}