{"id":16326,"date":"2024-03-24T17:10:36","date_gmt":"2024-03-24T14:10:36","guid":{"rendered":"https:\/\/demositelerim.biz.tr\/favorigo\/?post_type=product&#038;p=16326"},"modified":"2024-03-24T17:13:06","modified_gmt":"2024-03-24T14:13:06","slug":"gercek-dogal-orijinal-tas-kolye-bileklilk-takimlari-mavi","status":"publish","type":"product","link":"https:\/\/favorigo.com\/index.php\/urun\/gercek-dogal-orijinal-tas-kolye-bileklilk-takimlari-mavi\/","title":{"rendered":"Ger\u00e7ek Do\u011fal Orijinal Ta\u015f Kolye &#038; Bileklilk Tak\u0131mlar\u0131 Mavi"},"content":{"rendered":"<p>\u00dcr\u00fcnlerimizde ger\u00e7ek do\u011fal ta\u015flar bulunmaktad\u0131r.<\/p>\n<p>\u00dcr\u00fcnlerimizin ta\u015flar\u0131 \u0130ran, Afganistan ve Hindistan gibi yerlerden getirilen \u00f6zel nadide ta\u015flard\u0131r.<\/p>\n<p>Di\u011fer farkl\u0131 hediyelik e\u015fya ve di\u011fer kategorilerdeki \u00fcr\u00fcnlerimizi g\u00f6rmek i\u00e7in sayfam\u0131z\u0131 ziyaret edebilirsiniz \ud83d\ude42<\/p>\n","protected":false},"excerpt":{"rendered":"<p>\u00dcr\u00fcnlerimizde ger\u00e7ek do\u011fal ta\u015flar bulunmaktad\u0131r. \u00dcr\u00fcnlerimizin ta\u015flar\u0131 \u0130ran, Afganistan ve Hindistan gibi yerlerden getirilen \u00f6zel nadide ta\u015flard\u0131r. Di\u011fer farkl\u0131 hediyelik<\/p>\n","protected":false},"featured_media":16327,"comment_status":"open","ping_status":"closed","template":"","meta":[],"product_brand":[],"product_cat":[73],"product_tag":[],"class_list":{"0":"post-16326","1":"product","2":"type-product","3":"status-publish","4":"has-post-thumbnail","6":"product_cat-hediyelik-esya","8":"first","9":"instock","10":"taxable","11":"shipping-taxable","12":"purchasable","13":"product-type-simple"},"_links":{"self":[{"href":"https:\/\/favorigo.com\/index.php\/wp-json\/wp\/v2\/product\/16326","targetHints":{"allow":["GET"]}}],"collection":[{"href":"https:\/\/favorigo.com\/index.php\/wp-json\/wp\/v2\/product"}],"about":[{"href":"https:\/\/favorigo.com\/index.php\/wp-json\/wp\/v2\/types\/product"}],"replies":[{"embeddable":true,"href":"https:\/\/favorigo.com\/index.php\/wp-json\/wp\/v2\/comments?post=16326"}],"version-history":[{"count":1,"href":"https:\/\/favorigo.com\/index.php\/wp-json\/wp\/v2\/product\/16326\/revisions"}],"predecessor-version":[{"id":16333,"href":"https:\/\/favorigo.com\/index.php\/wp-json\/wp\/v2\/product\/16326\/revisions\/16333"}],"wp:featuredmedia":[{"embeddable":true,"href":"https:\/\/favorigo.com\/index.php\/wp-json\/wp\/v2\/media\/16327"}],"wp:attachment":[{"href":"https:\/\/favorigo.com\/index.php\/wp-json\/wp\/v2\/media?parent=16326"}],"wp:term":[{"taxonomy":"product_brand","embeddable":true,"href":"https:\/\/favorigo.com\/index.php\/wp-json\/wp\/v2\/product_brand?post=16326"},{"taxonomy":"product_cat","embeddable":true,"href":"https:\/\/favorigo.com\/index.php\/wp-json\/wp\/v2\/product_cat?post=16326"},{"taxonomy":"product_tag","embeddable":true,"href":"https:\/\/favorigo.com\/index.php\/wp-json\/wp\/v2\/product_tag?post=16326"}],"curies":[{"name":"wp","href":"https:\/\/api.w.org\/{rel}","templated":true}]}}