{"id":16445,"date":"2024-03-25T01:42:16","date_gmt":"2024-03-24T22:42:16","guid":{"rendered":"https:\/\/demositelerim.biz.tr\/favorigo\/?post_type=product&#038;p=16445"},"modified":"2024-03-25T01:45:15","modified_gmt":"2024-03-24T22:45:15","slug":"orta-buyuk-irk-kopek-tasmasi-yesil","status":"publish","type":"product","link":"https:\/\/favorigo.com\/index.php\/urun\/orta-buyuk-irk-kopek-tasmasi-yesil\/","title":{"rendered":"Orta &#8211; B\u00fcy\u00fck Irk K\u00f6pek Tasmas\u0131 Ye\u015fil"},"content":{"rendered":"<p>Orta &#8211; B\u00fcy\u00fck Irk K\u00f6pek Tasmas\u0131<\/p>\n<p>\u00dcr\u00fcn\u00fcm\u00fcz\u00fcn \u00f6l\u00e7\u00fcleri : 80 cm<\/p>\n<p>Di\u011fer modellerimizi g\u00f6rmek i\u00e7in ma\u011fazam\u0131z\u0131 ziyaret edebilirsiniz.<\/p>\n<p>Keyifli al\u0131\u015fveri\u015fler dileriz \ud83d\ude42<\/p>\n","protected":false},"excerpt":{"rendered":"<p>Orta &#8211; B\u00fcy\u00fck Irk K\u00f6pek Tasmas\u0131 \u00dcr\u00fcn\u00fcm\u00fcz\u00fcn \u00f6l\u00e7\u00fcleri : 80 cm Di\u011fer modellerimizi g\u00f6rmek i\u00e7in ma\u011fazam\u0131z\u0131 ziyaret edebilirsiniz. Keyifli al\u0131\u015fveri\u015fler<\/p>\n","protected":false},"featured_media":16446,"comment_status":"open","ping_status":"closed","template":"","meta":[],"product_brand":[],"product_cat":[95],"product_tag":[],"class_list":{"0":"post-16445","1":"product","2":"type-product","3":"status-publish","4":"has-post-thumbnail","6":"product_cat-pet-shop","8":"first","9":"instock","10":"sale","11":"taxable","12":"shipping-taxable","13":"purchasable","14":"product-type-simple"},"_links":{"self":[{"href":"https:\/\/favorigo.com\/index.php\/wp-json\/wp\/v2\/product\/16445","targetHints":{"allow":["GET"]}}],"collection":[{"href":"https:\/\/favorigo.com\/index.php\/wp-json\/wp\/v2\/product"}],"about":[{"href":"https:\/\/favorigo.com\/index.php\/wp-json\/wp\/v2\/types\/product"}],"replies":[{"embeddable":true,"href":"https:\/\/favorigo.com\/index.php\/wp-json\/wp\/v2\/comments?post=16445"}],"version-history":[{"count":2,"href":"https:\/\/favorigo.com\/index.php\/wp-json\/wp\/v2\/product\/16445\/revisions"}],"predecessor-version":[{"id":16449,"href":"https:\/\/favorigo.com\/index.php\/wp-json\/wp\/v2\/product\/16445\/revisions\/16449"}],"wp:featuredmedia":[{"embeddable":true,"href":"https:\/\/favorigo.com\/index.php\/wp-json\/wp\/v2\/media\/16446"}],"wp:attachment":[{"href":"https:\/\/favorigo.com\/index.php\/wp-json\/wp\/v2\/media?parent=16445"}],"wp:term":[{"taxonomy":"product_brand","embeddable":true,"href":"https:\/\/favorigo.com\/index.php\/wp-json\/wp\/v2\/product_brand?post=16445"},{"taxonomy":"product_cat","embeddable":true,"href":"https:\/\/favorigo.com\/index.php\/wp-json\/wp\/v2\/product_cat?post=16445"},{"taxonomy":"product_tag","embeddable":true,"href":"https:\/\/favorigo.com\/index.php\/wp-json\/wp\/v2\/product_tag?post=16445"}],"curies":[{"name":"wp","href":"https:\/\/api.w.org\/{rel}","templated":true}]}}