{"id":16454,"date":"2024-03-25T01:51:14","date_gmt":"2024-03-24T22:51:14","guid":{"rendered":"https:\/\/demositelerim.biz.tr\/favorigo\/?post_type=product&#038;p=16454"},"modified":"2024-03-25T01:55:36","modified_gmt":"2024-03-24T22:55:36","slug":"boncuklu-orta-buyuk-irk-kopek-tasmasi-2","status":"publish","type":"product","link":"https:\/\/favorigo.com\/index.php\/urun\/boncuklu-orta-buyuk-irk-kopek-tasmasi-2\/","title":{"rendered":"Boncuklu Orta- B\u00fcy\u00fck Irk K\u00f6pek Tasmas\u0131"},"content":{"rendered":"<p>Boncuklu Orta- B\u00fcy\u00fck Irk K\u00f6pek Tasmas\u0131<\/p>\n<p>\u00dcr\u00fcnlerimiz tamamen el yap\u0131m\u0131d\u0131r.<\/p>\n<p>Di\u011fer modellerimizi g\u00f6rmek i\u00e7in ma\u011fazam\u0131z\u0131 ziyaret edebilirsiniz.<\/p>\n<p>Keyifli al\u0131\u015fveri\u015fler dileriz \ud83d\ude42<\/p>\n","protected":false},"excerpt":{"rendered":"<p>Boncuklu Orta- B\u00fcy\u00fck Irk K\u00f6pek Tasmas\u0131 \u00dcr\u00fcnlerimiz tamamen el yap\u0131m\u0131d\u0131r. Di\u011fer modellerimizi g\u00f6rmek i\u00e7in ma\u011fazam\u0131z\u0131 ziyaret edebilirsiniz. Keyifli al\u0131\u015fveri\u015fler dileriz<\/p>\n","protected":false},"featured_media":16455,"comment_status":"open","ping_status":"closed","template":"","meta":[],"product_brand":[],"product_cat":[95],"product_tag":[],"class_list":{"0":"post-16454","1":"product","2":"type-product","3":"status-publish","4":"has-post-thumbnail","6":"product_cat-pet-shop","8":"first","9":"instock","10":"sale","11":"taxable","12":"shipping-taxable","13":"purchasable","14":"product-type-simple"},"_links":{"self":[{"href":"https:\/\/favorigo.com\/index.php\/wp-json\/wp\/v2\/product\/16454","targetHints":{"allow":["GET"]}}],"collection":[{"href":"https:\/\/favorigo.com\/index.php\/wp-json\/wp\/v2\/product"}],"about":[{"href":"https:\/\/favorigo.com\/index.php\/wp-json\/wp\/v2\/types\/product"}],"replies":[{"embeddable":true,"href":"https:\/\/favorigo.com\/index.php\/wp-json\/wp\/v2\/comments?post=16454"}],"version-history":[{"count":1,"href":"https:\/\/favorigo.com\/index.php\/wp-json\/wp\/v2\/product\/16454\/revisions"}],"predecessor-version":[{"id":16458,"href":"https:\/\/favorigo.com\/index.php\/wp-json\/wp\/v2\/product\/16454\/revisions\/16458"}],"wp:featuredmedia":[{"embeddable":true,"href":"https:\/\/favorigo.com\/index.php\/wp-json\/wp\/v2\/media\/16455"}],"wp:attachment":[{"href":"https:\/\/favorigo.com\/index.php\/wp-json\/wp\/v2\/media?parent=16454"}],"wp:term":[{"taxonomy":"product_brand","embeddable":true,"href":"https:\/\/favorigo.com\/index.php\/wp-json\/wp\/v2\/product_brand?post=16454"},{"taxonomy":"product_cat","embeddable":true,"href":"https:\/\/favorigo.com\/index.php\/wp-json\/wp\/v2\/product_cat?post=16454"},{"taxonomy":"product_tag","embeddable":true,"href":"https:\/\/favorigo.com\/index.php\/wp-json\/wp\/v2\/product_tag?post=16454"}],"curies":[{"name":"wp","href":"https:\/\/api.w.org\/{rel}","templated":true}]}}