{"id":16459,"date":"2024-03-25T01:56:04","date_gmt":"2024-03-24T22:56:04","guid":{"rendered":"https:\/\/demositelerim.biz.tr\/favorigo\/?post_type=product&#038;p=16459"},"modified":"2024-03-25T02:00:37","modified_gmt":"2024-03-24T23:00:37","slug":"deri-kartlik-cuzdan-2","status":"publish","type":"product","link":"https:\/\/favorigo.com\/index.php\/urun\/deri-kartlik-cuzdan-2\/","title":{"rendered":"Deri Kartl\u0131k \/ C\u00fczdan"},"content":{"rendered":"<p>Deri Kartl\u0131k \/ C\u00fczdan \u00fcr\u00fcnlerimiz kalitelidir.<\/p>\n<p>\u00dcr\u00fcnlerimiz deriden yap\u0131lm\u0131\u015ft\u0131r.<\/p>\n<p>Di\u011fer modellerimizi g\u00f6rmek i\u00e7in ma\u011fazam\u0131z\u0131 ziyaret edebilirsiniz.<\/p>\n<p>Keyifli al\u0131\u015fveri\u015fler dileriz \ud83d\ude42<\/p>\n","protected":false},"excerpt":{"rendered":"<p>Deri Kartl\u0131k \/ C\u00fczdan \u00fcr\u00fcnlerimiz kalitelidir. \u00dcr\u00fcnlerimiz deriden yap\u0131lm\u0131\u015ft\u0131r. Di\u011fer modellerimizi g\u00f6rmek i\u00e7in ma\u011fazam\u0131z\u0131 ziyaret edebilirsiniz. Keyifli al\u0131\u015fveri\u015fler dileriz \ud83d\ude42<\/p>\n","protected":false},"featured_media":16460,"comment_status":"open","ping_status":"closed","template":"","meta":[],"product_brand":[],"product_cat":[72],"product_tag":[],"class_list":{"0":"post-16459","1":"product","2":"type-product","3":"status-publish","4":"has-post-thumbnail","6":"product_cat-deri-urunler","8":"first","9":"instock","10":"sale","11":"taxable","12":"shipping-taxable","13":"purchasable","14":"product-type-simple"},"_links":{"self":[{"href":"https:\/\/favorigo.com\/index.php\/wp-json\/wp\/v2\/product\/16459","targetHints":{"allow":["GET"]}}],"collection":[{"href":"https:\/\/favorigo.com\/index.php\/wp-json\/wp\/v2\/product"}],"about":[{"href":"https:\/\/favorigo.com\/index.php\/wp-json\/wp\/v2\/types\/product"}],"replies":[{"embeddable":true,"href":"https:\/\/favorigo.com\/index.php\/wp-json\/wp\/v2\/comments?post=16459"}],"version-history":[{"count":1,"href":"https:\/\/favorigo.com\/index.php\/wp-json\/wp\/v2\/product\/16459\/revisions"}],"predecessor-version":[{"id":16462,"href":"https:\/\/favorigo.com\/index.php\/wp-json\/wp\/v2\/product\/16459\/revisions\/16462"}],"wp:featuredmedia":[{"embeddable":true,"href":"https:\/\/favorigo.com\/index.php\/wp-json\/wp\/v2\/media\/16460"}],"wp:attachment":[{"href":"https:\/\/favorigo.com\/index.php\/wp-json\/wp\/v2\/media?parent=16459"}],"wp:term":[{"taxonomy":"product_brand","embeddable":true,"href":"https:\/\/favorigo.com\/index.php\/wp-json\/wp\/v2\/product_brand?post=16459"},{"taxonomy":"product_cat","embeddable":true,"href":"https:\/\/favorigo.com\/index.php\/wp-json\/wp\/v2\/product_cat?post=16459"},{"taxonomy":"product_tag","embeddable":true,"href":"https:\/\/favorigo.com\/index.php\/wp-json\/wp\/v2\/product_tag?post=16459"}],"curies":[{"name":"wp","href":"https:\/\/api.w.org\/{rel}","templated":true}]}}