{"id":16626,"date":"2024-03-27T19:15:15","date_gmt":"2024-03-27T16:15:15","guid":{"rendered":"https:\/\/demositelerim.biz.tr\/favorigo\/?post_type=product&#038;p=16626"},"modified":"2024-03-27T19:18:29","modified_gmt":"2024-03-27T16:18:29","slug":"crazy-deri-cuzdan-erkekler-icin-gercek-crazy-deri-cuzdan-2","status":"publish","type":"product","link":"https:\/\/favorigo.com\/index.php\/urun\/crazy-deri-cuzdan-erkekler-icin-gercek-crazy-deri-cuzdan-2\/","title":{"rendered":"Crazy Deri C\u00fczdan Erkekler \u0130\u00e7in Ger\u00e7ek Crazy Deri C\u00fczdan"},"content":{"rendered":"<p>Crazy Deri C\u00fczdan Erkekler \u0130\u00e7in Ger\u00e7ek Deri C\u00fczdan<\/p>\n<p>\u00dcr\u00fcnlerimiz ger\u00e7ek crazy deriden \u00fcretilmi\u015ftir.<\/p>\n<p>\u00dcr\u00fcn\u00fcm\u00fcz\u00fcn \u00f6l\u00e7\u00fcleri : 10 x 10 cm.<\/p>\n<p>Keyifli al\u0131\u015fveri\u015fler dileriz \ud83d\ude42<\/p>\n","protected":false},"excerpt":{"rendered":"<p>Crazy Deri C\u00fczdan Erkekler \u0130\u00e7in Ger\u00e7ek Deri C\u00fczdan \u00dcr\u00fcnlerimiz ger\u00e7ek crazy deriden \u00fcretilmi\u015ftir. \u00dcr\u00fcn\u00fcm\u00fcz\u00fcn \u00f6l\u00e7\u00fcleri : 10 x 10 cm.<\/p>\n","protected":false},"featured_media":16627,"comment_status":"open","ping_status":"closed","template":"","meta":[],"product_brand":[],"product_cat":[72],"product_tag":[],"class_list":{"0":"post-16626","1":"product","2":"type-product","3":"status-publish","4":"has-post-thumbnail","6":"product_cat-deri-urunler","8":"first","9":"instock","10":"taxable","11":"shipping-taxable","12":"purchasable","13":"product-type-simple"},"_links":{"self":[{"href":"https:\/\/favorigo.com\/index.php\/wp-json\/wp\/v2\/product\/16626","targetHints":{"allow":["GET"]}}],"collection":[{"href":"https:\/\/favorigo.com\/index.php\/wp-json\/wp\/v2\/product"}],"about":[{"href":"https:\/\/favorigo.com\/index.php\/wp-json\/wp\/v2\/types\/product"}],"replies":[{"embeddable":true,"href":"https:\/\/favorigo.com\/index.php\/wp-json\/wp\/v2\/comments?post=16626"}],"version-history":[{"count":1,"href":"https:\/\/favorigo.com\/index.php\/wp-json\/wp\/v2\/product\/16626\/revisions"}],"predecessor-version":[{"id":16629,"href":"https:\/\/favorigo.com\/index.php\/wp-json\/wp\/v2\/product\/16626\/revisions\/16629"}],"wp:featuredmedia":[{"embeddable":true,"href":"https:\/\/favorigo.com\/index.php\/wp-json\/wp\/v2\/media\/16627"}],"wp:attachment":[{"href":"https:\/\/favorigo.com\/index.php\/wp-json\/wp\/v2\/media?parent=16626"}],"wp:term":[{"taxonomy":"product_brand","embeddable":true,"href":"https:\/\/favorigo.com\/index.php\/wp-json\/wp\/v2\/product_brand?post=16626"},{"taxonomy":"product_cat","embeddable":true,"href":"https:\/\/favorigo.com\/index.php\/wp-json\/wp\/v2\/product_cat?post=16626"},{"taxonomy":"product_tag","embeddable":true,"href":"https:\/\/favorigo.com\/index.php\/wp-json\/wp\/v2\/product_tag?post=16626"}],"curies":[{"name":"wp","href":"https:\/\/api.w.org\/{rel}","templated":true}]}}